{"id":48975,"date":"2026-04-15T20:35:15","date_gmt":"2026-04-15T18:35:15","guid":{"rendered":"https:\/\/zweibags.eu\/shop\/product\/bonny-bor180\/"},"modified":"2026-04-18T11:13:54","modified_gmt":"2026-04-18T09:13:54","slug":"bonny-bor180","status":"publish","type":"product","link":"https:\/\/zweibags.eu\/fr\/boutique\/produit\/bonny-bor180\/","title":{"rendered":"BONNY BOR180"},"content":{"rendered":"<p>Der\u00a0<strong>BOR180<\/strong>\u00a0de la collection\u00a0<strong>BONNY<\/strong>\u00a0de\u00a0<strong>ZWEI<\/strong>\u00a0est un l\u00e9ger sac \u00e0 dos Rolltop en nylon recycl\u00e9 robuste. Le compartiment principal se ferme avec des aimants et du velcro, compl\u00e9t\u00e9 par un agencement int\u00e9rieur g\u00e9n\u00e9reux avec des poches, un compartiment rembourr\u00e9, une poche pour bouteille et un porte-cl\u00e9s. \u00c0 l&rsquo;ext\u00e9rieur, une grande poche avant, des poches lat\u00e9rales et un compartiment dorsal suppl\u00e9mentaire en mesh assurent un acc\u00e8s structur\u00e9. Le rembourrage du dos et les bretelles rembourr\u00e9es augmentent le confort au quotidien.<\/p>\n<div class=\"font-bold tracking-normal\">\n<hr \/>\n<p>D\u00e9tails du produit<\/p>\n<\/div>\n<div class=\"flex gap-[20px] text-copy-sm border-b border-gray-600 pt-[4px] pb-[6px]\">\n<div class=\"w-[120px] flex-shrink-0 text-copy-xs font-medium tracking-wide uppercase mt-[2px]\">Dimensions<\/div>\n<div class=\"place-self-end\">41\/56 x 37 x 12 cm<\/div>\n<\/div>\n<div class=\"flex gap-[20px] text-copy-sm border-b border-gray-600 pt-[4px] pb-[6px]\">\n<div class=\"w-[120px] flex-shrink-0 text-copy-xs font-medium tracking-wide uppercase mt-[2px]\">Volume<\/div>\n<div class=\"place-self-end\">15\/19 l<\/div>\n<\/div>\n<div class=\"flex gap-[20px] text-copy-sm border-b border-gray-600 pt-[4px] pb-[6px]\">\n<div class=\"w-[120px] flex-shrink-0 text-copy-xs font-medium tracking-wide uppercase mt-[2px]\">Poids<\/div>\n<div class=\"place-self-end\">570 g<\/div>\n<\/div>\n<div class=\"flex gap-[20px] text-copy-sm border-b border-gray-600 pt-[4px] pb-[6px]\">\n<div class=\"w-[120px] flex-shrink-0 text-copy-xs font-medium tracking-wide uppercase mt-[2px]\">\n<hr \/>\n<p>Mat\u00e9riel<\/p>\n<\/div>\n<div class=\"place-self-end\">mati\u00e8re ext\u00e9rieure: recycl\u00e9 nylon<br \/>\ndoublure int\u00e9rieure: 100% polyester<\/div>\n<\/div>\n<div class=\"flex gap-[20px] text-copy-sm border-b border-gray-600 pt-[4px] pb-[6px]\">\n<div class=\"w-[120px] flex-shrink-0 text-copy-xs font-medium tracking-wide uppercase mt-[2px]\">\n<hr \/>\n<p>Caract\u00e9ristiques<\/p>\n<\/div>\n<div class=\"place-self-end\">Rembourrage dorsal, bretelles rembourr\u00e9es<br \/>\nPoche zipp\u00e9e au dos<br \/>\nPoches lat\u00e9rales ouvertes<br \/>\nPoche cach\u00e9e au dos<br \/>\nCompartiment principal avec fermeture magn\u00e9tique<br \/>\nCompartiments int\u00e9rieurs, compartiment pour bouteille, sangle porte-cl\u00e9s<\/div>\n<\/div>\n","protected":false},"excerpt":{"rendered":"<p><img decoding=\"async\" class=\"alignnone size-thumbnail wp-image-21312\" src=\"https:\/\/zweibags.eu\/wp-content\/uploads\/2022\/02\/betaalmeth-1-1-300x62.png\" alt=\"\" width=\"300\" height=\"62\" srcset=\"https:\/\/zweibags.eu\/wp-content\/uploads\/2022\/02\/betaalmeth-1-1-300x62.png 300w, https:\/\/zweibags.eu\/wp-content\/uploads\/2022\/02\/betaalmeth-1-1-250x52.png 250w, https:\/\/zweibags.eu\/wp-content\/uploads\/2022\/02\/betaalmeth-1-1.png 381w\" sizes=\"(max-width: 300px) 100vw, 300px\" \/><\/p>\n","protected":false},"featured_media":48962,"template":"","meta":{"_acf_changed":false},"product_brand":[],"product_cat":[956,958,950],"product_tag":[],"class_list":{"0":"post-48975","1":"product","2":"type-product","3":"status-publish","4":"has-post-thumbnail","6":"product_cat-sacs-a-dos","7":"product_cat-sacs-unisexes","8":"product_cat-nouveau","9":"product-collection-bonny","11":"first","12":"instock","13":"taxable","14":"shipping-taxable","15":"purchasable","16":"product-type-variable"},"acf":[],"aioseo_notices":[],"_links":{"self":[{"href":"https:\/\/zweibags.eu\/fr\/wp-json\/wp\/v2\/product\/48975","targetHints":{"allow":["GET"]}}],"collection":[{"href":"https:\/\/zweibags.eu\/fr\/wp-json\/wp\/v2\/product"}],"about":[{"href":"https:\/\/zweibags.eu\/fr\/wp-json\/wp\/v2\/types\/product"}],"wp:featuredmedia":[{"embeddable":true,"href":"https:\/\/zweibags.eu\/fr\/wp-json\/wp\/v2\/media\/48962"}],"wp:attachment":[{"href":"https:\/\/zweibags.eu\/fr\/wp-json\/wp\/v2\/media?parent=48975"}],"wp:term":[{"taxonomy":"product_brand","embeddable":true,"href":"https:\/\/zweibags.eu\/fr\/wp-json\/wp\/v2\/product_brand?post=48975"},{"taxonomy":"product_cat","embeddable":true,"href":"https:\/\/zweibags.eu\/fr\/wp-json\/wp\/v2\/product_cat?post=48975"},{"taxonomy":"product_tag","embeddable":true,"href":"https:\/\/zweibags.eu\/fr\/wp-json\/wp\/v2\/product_tag?post=48975"}],"curies":[{"name":"wp","href":"https:\/\/api.w.org\/{rel}","templated":true}]}}