{"id":45540,"date":"2025-09-14T18:43:24","date_gmt":"2025-09-14T16:43:24","guid":{"rendered":"https:\/\/zweibags.eu\/shop\/product\/45540\/"},"modified":"2026-04-25T19:51:20","modified_gmt":"2026-04-25T17:51:20","slug":"45540","status":"publish","type":"product","link":"https:\/\/zweibags.eu\/fr\/boutique\/produit\/45540\/","title":{"rendered":"Hannah HA12"},"content":{"rendered":"<p>La Puffer Bag HANNAH HA12 vous offre un compartiment principal zipp\u00e9 avec des poches pour carte, smartphone et une poche zipp\u00e9e \u00e0 l&rsquo;int\u00e9rieur. Le porte-fleurs est amovible, la bandouli\u00e8re suppl\u00e9mentaire permet de porter le sac en travers du corps. Fabriqu\u00e9 en nylon recycl\u00e9 et d\u00e9perlant.<\/p>\n<div class=\"font-bold tracking-normal\">\n<hr \/>\n<p><strong>D\u00e9tails du produit<\/strong><\/p>\n<\/div>\n<div class=\"flex gap-[20px] text-copy-sm border-b border-gray-600 pt-[4px] pb-[6px]\">\n<div class=\"w-[120px] flex-shrink-0 text-copy-xs font-medium tracking-wide uppercase mt-[2px]\">Dimensions<\/div>\n<div class=\"place-self-end\">32 x 31 x 13 cm<\/div>\n<\/div>\n<div class=\"flex gap-[20px] text-copy-sm border-b border-gray-600 pt-[4px] pb-[6px]\">\n<div class=\"w-[120px] flex-shrink-0 text-copy-xs font-medium tracking-wide uppercase mt-[2px]\">Volume<\/div>\n<div class=\"place-self-end\">7 l<\/div>\n<\/div>\n<div class=\"flex gap-[20px] text-copy-sm border-b border-gray-600 pt-[4px] pb-[6px]\">\n<div class=\"w-[120px] flex-shrink-0 text-copy-xs font-medium tracking-wide uppercase mt-[2px]\">Poids<\/div>\n<div class=\"place-self-end\">550 g<\/div>\n<\/div>\n<div class=\"flex gap-[20px] text-copy-sm border-b border-gray-600 pt-[4px] pb-[6px]\">\n<div class=\"w-[120px] flex-shrink-0 text-copy-xs font-medium tracking-wide uppercase mt-[2px]\">\n<hr \/>\n<p><strong>Mat\u00e9riel<\/strong><\/p>\n<\/div>\n<div class=\"place-self-end\">mati\u00e8re ext\u00e9rieure: 100% recycl\u00e9 polyester<br \/>\ndoublure int\u00e9rieure: 100% polyester<\/div>\n<\/div>\n<div class=\"flex gap-[20px] text-copy-sm border-b border-gray-600 pt-[4px] pb-[6px]\">\n<div class=\"w-[120px] flex-shrink-0 text-copy-xs font-medium tracking-wide uppercase mt-[2px]\">\n<hr \/>\n<p><strong>Caract\u00e9ristiques<\/strong><\/p>\n<\/div>\n<div class=\"place-self-end\">Coffre secret avec fermeture \u00e9clair<br \/>\nCompartiment principal avec fermeture \u00e9clair<br \/>\npoche int\u00e9rieure ouverte<br \/>\npoche int\u00e9rieure avec fermeture \u00e9clair<br \/>\npoche pour smartphone<br \/>\npendentif en fleurs amovible<br \/>\nbandouli\u00e8re suppl\u00e9mentaire r\u00e9glable (longue)<\/div>\n<\/div>\n<div>\n<hr \/>\n<p><img decoding=\"async\" class=\"alignnone size-thumbnail wp-image-47470\" src=\"https:\/\/zweibags.eu\/wp-content\/uploads\/2026\/01\/NYLON-296x300.jpg\" alt=\"\" width=\"296\" height=\"300\" srcset=\"https:\/\/zweibags.eu\/wp-content\/uploads\/2026\/01\/NYLON-296x300.jpg 296w, https:\/\/zweibags.eu\/wp-content\/uploads\/2026\/01\/NYLON-592x600.jpg 592w, https:\/\/zweibags.eu\/wp-content\/uploads\/2026\/01\/NYLON-250x254.jpg 250w, https:\/\/zweibags.eu\/wp-content\/uploads\/2026\/01\/NYLON-600x609.jpg 600w, https:\/\/zweibags.eu\/wp-content\/uploads\/2026\/01\/NYLON.jpg 700w\" sizes=\"(max-width: 296px) 100vw, 296px\" \/><\/div>\n","protected":false},"excerpt":{"rendered":"<p><img decoding=\"async\" class=\"alignnone wp-image-49218\" src=\"https:\/\/zweibags.eu\/wp-content\/uploads\/2026\/03\/Betaalmethode_2026-300x79.jpg\" alt=\"\" width=\"220\" height=\"58\" srcset=\"https:\/\/zweibags.eu\/wp-content\/uploads\/2026\/03\/Betaalmethode_2026-300x79.jpg 300w, https:\/\/zweibags.eu\/wp-content\/uploads\/2026\/03\/Betaalmethode_2026-600x158.jpg 600w, https:\/\/zweibags.eu\/wp-content\/uploads\/2026\/03\/Betaalmethode_2026-1200x316.jpg 1200w, https:\/\/zweibags.eu\/wp-content\/uploads\/2026\/03\/Betaalmethode_2026-768x202.jpg 768w, https:\/\/zweibags.eu\/wp-content\/uploads\/2026\/03\/Betaalmethode_2026-250x66.jpg 250w, https:\/\/zweibags.eu\/wp-content\/uploads\/2026\/03\/Betaalmethode_2026.jpg 1280w\" sizes=\"(max-width: 220px) 100vw, 220px\" \/><img decoding=\"async\" class=\"alignnone wp-image-41227\" src=\"https:\/\/zweibags.eu\/wp-content\/uploads\/2024\/07\/Pay-by-Bank.jpg\" alt=\"\" width=\"101\" height=\"45\" srcset=\"https:\/\/zweibags.eu\/wp-content\/uploads\/2024\/07\/Pay-by-Bank.jpg 273w, https:\/\/zweibags.eu\/wp-content\/uploads\/2024\/07\/Pay-by-Bank-250x111.jpg 250w\" sizes=\"(max-width: 101px) 100vw, 101px\" \/><\/p>\n","protected":false},"featured_media":45297,"template":"","meta":{"_acf_changed":false},"product_brand":[],"product_cat":[960,950],"product_tag":[],"class_list":{"0":"post-45540","1":"product","2":"type-product","3":"status-publish","4":"has-post-thumbnail","6":"product_cat-sacs-femme","7":"product_cat-nouveau","8":"product-collection-hannah-fr","10":"first","11":"instock","12":"taxable","13":"shipping-taxable","14":"purchasable","15":"product-type-variable"},"acf":[],"aioseo_notices":[],"_links":{"self":[{"href":"https:\/\/zweibags.eu\/fr\/wp-json\/wp\/v2\/product\/45540","targetHints":{"allow":["GET"]}}],"collection":[{"href":"https:\/\/zweibags.eu\/fr\/wp-json\/wp\/v2\/product"}],"about":[{"href":"https:\/\/zweibags.eu\/fr\/wp-json\/wp\/v2\/types\/product"}],"wp:featuredmedia":[{"embeddable":true,"href":"https:\/\/zweibags.eu\/fr\/wp-json\/wp\/v2\/media\/45297"}],"wp:attachment":[{"href":"https:\/\/zweibags.eu\/fr\/wp-json\/wp\/v2\/media?parent=45540"}],"wp:term":[{"taxonomy":"product_brand","embeddable":true,"href":"https:\/\/zweibags.eu\/fr\/wp-json\/wp\/v2\/product_brand?post=45540"},{"taxonomy":"product_cat","embeddable":true,"href":"https:\/\/zweibags.eu\/fr\/wp-json\/wp\/v2\/product_cat?post=45540"},{"taxonomy":"product_tag","embeddable":true,"href":"https:\/\/zweibags.eu\/fr\/wp-json\/wp\/v2\/product_tag?post=45540"}],"curies":[{"name":"wp","href":"https:\/\/api.w.org\/{rel}","templated":true}]}}