{"id":25996,"date":"2022-12-20T17:36:46","date_gmt":"2022-12-20T16:36:46","guid":{"rendered":"https:\/\/zweibags.eu\/?post_type=product&#038;p=25996"},"modified":"2026-04-12T00:15:59","modified_gmt":"2026-04-11T22:15:59","slug":"benno-be120","status":"publish","type":"product","link":"https:\/\/zweibags.eu\/fr\/boutique\/produit\/benno-be120\/","title":{"rendered":"Benno BE120"},"content":{"rendered":"<p class=\"tw-data-text tw-text-large tw-ta\" dir=\"ltr\" data-placeholder=\"Vertaling\"><span class=\"Y2IQFc\" lang=\"fr\">Le sportif <a title=\"Benno BE120\" href=\"https:\/\/zweibags.eu\/fr\/boutique\/produit\/benno-be120\/\">BE120<\/a> peut \u00eatre port\u00e9 comme un sac \u00e0 dos ou &#8211; avec la bandouli\u00e8re amovible &#8211; comme un sac. <\/span><span class=\"Y2IQFc\" lang=\"fr\">Les documents A4 tiennent dans la combinaison sac \u00e0 dos et il y a aussi de la place pour un ordinateur portable dans le s\u00e9parateur rembourr\u00e9. <\/span><\/p>\n<p class=\"tw-data-text tw-text-large tw-ta\" dir=\"ltr\" data-placeholder=\"Vertaling\"><span class=\"Y2IQFc\" lang=\"fr\">(Remarque\u00a0: les bretelles du sac \u00e0 dos ne sont pas amovibles.)<\/span><\/p>\n<hr \/>\n<p class=\"tw-data-text tw-text-large tw-ta\" dir=\"ltr\" data-placeholder=\"Vertaling\"><span class=\"Y2IQFc\" lang=\"fr\">dimensions : 37 x 32 x 13 cm<br \/>\nPoche zipp\u00e9e secr\u00e8te<br \/>\nCompartiment principal zipp\u00e9<br \/>\ns\u00e9parateur rembourr\u00e9<br \/>\npoche zipp\u00e9e<br \/>\npoche pour smartphone<br \/>\nporte-cl\u00e9s<br \/>\nbandouli\u00e8re courte et longue<br \/>\nmati\u00e8re sup\u00e9rieure : 100 % polyester<br \/>\ndoublure : 100 % polyester<br \/>\ncontenu : 9 litres<br \/>\nPoids : 790 grammes<\/span><\/p>\n","protected":false},"excerpt":{"rendered":"<p>Le sportif BE120 peut \u00eatre port\u00e9 comme un sac \u00e0 dos ou &#8211; avec la bandouli\u00e8re amovible &#8211; comme un sac. Les documents A4 tiennent dans la combinaison sac \u00e0 dos et il y a&#8230;<\/p>\n","protected":false},"featured_media":26070,"template":"","meta":{"_acf_changed":false},"product_brand":[],"product_cat":[956,958,951],"product_tag":[],"class_list":{"0":"post-25996","1":"product","2":"type-product","3":"status-publish","4":"has-post-thumbnail","6":"product_cat-sacs-a-dos","7":"product_cat-sacs-unisexes","8":"product_cat-promotion","9":"product-collection-benno-fr","11":"first","12":"instock","13":"sale","14":"taxable","15":"shipping-taxable","16":"purchasable","17":"product-type-variable"},"acf":[],"aioseo_notices":[],"_links":{"self":[{"href":"https:\/\/zweibags.eu\/fr\/wp-json\/wp\/v2\/product\/25996","targetHints":{"allow":["GET"]}}],"collection":[{"href":"https:\/\/zweibags.eu\/fr\/wp-json\/wp\/v2\/product"}],"about":[{"href":"https:\/\/zweibags.eu\/fr\/wp-json\/wp\/v2\/types\/product"}],"wp:featuredmedia":[{"embeddable":true,"href":"https:\/\/zweibags.eu\/fr\/wp-json\/wp\/v2\/media\/26070"}],"wp:attachment":[{"href":"https:\/\/zweibags.eu\/fr\/wp-json\/wp\/v2\/media?parent=25996"}],"wp:term":[{"taxonomy":"product_brand","embeddable":true,"href":"https:\/\/zweibags.eu\/fr\/wp-json\/wp\/v2\/product_brand?post=25996"},{"taxonomy":"product_cat","embeddable":true,"href":"https:\/\/zweibags.eu\/fr\/wp-json\/wp\/v2\/product_cat?post=25996"},{"taxonomy":"product_tag","embeddable":true,"href":"https:\/\/zweibags.eu\/fr\/wp-json\/wp\/v2\/product_tag?post=25996"}],"curies":[{"name":"wp","href":"https:\/\/api.w.org\/{rel}","templated":true}]}}