{"id":17976,"date":"2021-12-30T06:37:30","date_gmt":"2021-12-30T05:37:30","guid":{"rendered":"https:\/\/zweibags.eu\/shop\/product\/kim-kir250\/"},"modified":"2026-03-15T09:33:26","modified_gmt":"2026-03-15T08:33:26","slug":"kim-kir250","status":"publish","type":"product","link":"https:\/\/zweibags.eu\/fr\/boutique\/produit\/kim-kir250\/","title":{"rendered":"Kim KIR250"},"content":{"rendered":"<p class=\"tw-data-text tw-text-large tw-ta\" dir=\"ltr\" data-placeholder=\"Vertaling\"><span class=\"Y2IQFc\" lang=\"fr\">Le KIR250 est le plus grand sac \u00e0 dos de la collection KIM. Le sac \u00e0 dos roll-top est un compagnon de tous les jours avec un espace suppl\u00e9mentaire. Sur le devant du KIR250 se trouve un grand compartiment zipp\u00e9 et sur le c\u00f4t\u00e9 du sac \u00e0 dos se trouve un compartiment secret avec un porte-cl\u00e9s. Le KIR250 a un dos et des bretelles fortement rembourr\u00e9s. La fonction roll-top du KIR250 permet d&rsquo;augmenter le volume selon les besoins. le KIR250 dispose \u00e9galement d&rsquo;une fermeture \u00e9clair \u00e9tanche \u00e0 c\u00f4t\u00e9 de la grande fermeture \u00e9clair du compartiment principal qui permet un acc\u00e8s rapide.<\/span><\/p>\n<hr \/>\n<p><span style=\"font-family: Consolas, Monaco, monospace; font-size: 16px;\">dimensions : 45\/60 x 37 x 17 cm<br \/>\n<\/span><span class=\"Y2IQFc\" lang=\"fr\">Rembourrage dorsal solide<br \/>\nBretelles rembourr\u00e9es<br \/>\nPetit compartiment lat\u00e9ral zipp\u00e9 avec cordon avec mousqueton<br \/>\nCompartiment avant zipp\u00e9 avec poche pour smartphone et fl\u00fbtes pour stylos<br \/>\nLa partie sup\u00e9rieure peut \u00eatre enroul\u00e9e (avec aimants et velcro)<br \/>\nCompartiment principal avec fermeture \u00e9clair<br \/>\nAcc\u00e8s rapide au compartiment principal via une fermeture \u00e9clair \u00e9tanche s\u00e9par\u00e9e dans le dos<br \/>\nExtension de volume possible<br \/>\nGrand compartiment de s\u00e9paration rembourr\u00e9 \u00e0 l&rsquo;int\u00e9rieur (s\u00e9curis\u00e9 avec velcro)<br \/>\nCompartiment rembourr\u00e9 suppl\u00e9mentaire \u00e0 l&rsquo;int\u00e9rieur<br \/>\n2 poches \u00e0 l&rsquo;int\u00e9rieur<br \/>\npetit compartiment zipp\u00e9 \u00e0 l&rsquo;int\u00e9rieur<br \/>\nSupport pour bouteille de boisson<br \/>\nmati\u00e8re ext\u00e9rieure : 100 % poyerster<br \/>\ndoublure : 100 % polyester<br \/>\ncontenance : 12\/17 litres<br \/>\nPoids : 950 grammes<\/span><\/p>\n","protected":false},"excerpt":{"rendered":"<p>Le KIR250 est le plus grand sac \u00e0 dos de la collection KIM. Le sac \u00e0 dos roll-top est un compagnon de tous les jours avec un espace suppl\u00e9mentaire. Sur le devant du KIR250 se&#8230;<\/p>\n","protected":false},"featured_media":17636,"template":"","meta":{"_acf_changed":false},"product_brand":[],"product_cat":[956,958,951],"product_tag":[],"class_list":{"0":"post-17976","1":"product","2":"type-product","3":"status-publish","4":"has-post-thumbnail","6":"product_cat-sacs-a-dos","7":"product_cat-sacs-unisexes","8":"product_cat-promotion","9":"product-collection-kim-fr","11":"first","12":"instock","13":"sale","14":"taxable","15":"shipping-taxable","16":"purchasable","17":"product-type-variable"},"acf":[],"aioseo_notices":[],"_links":{"self":[{"href":"https:\/\/zweibags.eu\/fr\/wp-json\/wp\/v2\/product\/17976","targetHints":{"allow":["GET"]}}],"collection":[{"href":"https:\/\/zweibags.eu\/fr\/wp-json\/wp\/v2\/product"}],"about":[{"href":"https:\/\/zweibags.eu\/fr\/wp-json\/wp\/v2\/types\/product"}],"wp:featuredmedia":[{"embeddable":true,"href":"https:\/\/zweibags.eu\/fr\/wp-json\/wp\/v2\/media\/17636"}],"wp:attachment":[{"href":"https:\/\/zweibags.eu\/fr\/wp-json\/wp\/v2\/media?parent=17976"}],"wp:term":[{"taxonomy":"product_brand","embeddable":true,"href":"https:\/\/zweibags.eu\/fr\/wp-json\/wp\/v2\/product_brand?post=17976"},{"taxonomy":"product_cat","embeddable":true,"href":"https:\/\/zweibags.eu\/fr\/wp-json\/wp\/v2\/product_cat?post=17976"},{"taxonomy":"product_tag","embeddable":true,"href":"https:\/\/zweibags.eu\/fr\/wp-json\/wp\/v2\/product_tag?post=17976"}],"curies":[{"name":"wp","href":"https:\/\/api.w.org\/{rel}","templated":true}]}}