{"id":5421,"date":"2024-05-27T13:22:44","date_gmt":"2024-05-27T11:22:44","guid":{"rendered":"https:\/\/zwei.flymedia.be\/home\/"},"modified":"2026-04-16T21:09:32","modified_gmt":"2026-04-16T19:09:32","slug":"home","status":"publish","type":"page","link":"https:\/\/zweibags.eu\/fr\/","title":{"rendered":"Accueil"},"content":{"rendered":"<p><strong><img decoding=\"async\" class=\"alignnone size-full wp-image-45031\" src=\"https:\/\/zweibags.eu\/wp-content\/uploads\/2025\/09\/zwei-logo-r-flags-25-email.png\" alt=\"\" width=\"120\" height=\"47\" \/><img decoding=\"async\" class=\"alignnone wp-image-28422\" src=\"https:\/\/zweibags.eu\/wp-content\/uploads\/2023\/04\/ZWEI-1-YEAR-300x156.jpg\" alt=\"\" width=\"115\" height=\"60\" srcset=\"https:\/\/zweibags.eu\/wp-content\/uploads\/2023\/04\/ZWEI-1-YEAR-300x156.jpg 300w, https:\/\/zweibags.eu\/wp-content\/uploads\/2023\/04\/ZWEI-1-YEAR-600x311.jpg 600w, https:\/\/zweibags.eu\/wp-content\/uploads\/2023\/04\/ZWEI-1-YEAR-768x399.jpg 768w, https:\/\/zweibags.eu\/wp-content\/uploads\/2023\/04\/ZWEI-1-YEAR.jpg 1002w\" sizes=\"(max-width: 115px) 100vw, 115px\" \/><img decoding=\"async\" class=\"alignnone wp-image-37145\" src=\"https:\/\/zweibags.eu\/wp-content\/uploads\/2024\/08\/vegan2-300x300.png\" alt=\"\" width=\"90\" height=\"90\" srcset=\"https:\/\/zweibags.eu\/wp-content\/uploads\/2024\/08\/vegan2-300x300.png 300w, https:\/\/zweibags.eu\/wp-content\/uploads\/2024\/08\/vegan2-250x250.png 250w, https:\/\/zweibags.eu\/wp-content\/uploads\/2024\/08\/vegan2-150x150.png 150w, https:\/\/zweibags.eu\/wp-content\/uploads\/2024\/08\/vegan2.png 350w\" sizes=\"(max-width: 90px) 100vw, 90px\" \/><\/strong><\/p>\n<pre><strong>ZWEI Belgique Pays-Bas Officiel\u00ae<\/strong><\/pre>\n<p><strong><span class=\"Y2IQFc\" lang=\"fr\">Sacs, sacs \u00e0 dos, porte-monnaie et accessoires!<\/span><\/strong><\/p>\n<p>D\u00e9couvrez ZWEI et son univers color\u00e9 plein de sacs, sacs \u00e0 dos et portefeuilles. ZWEI s&rsquo;inspire du temps, sans simplement suivre les tendances, car chaque produit a sa propre personnalit\u00e9 et identit\u00e9. La fonctionnalit\u00e9 est le fil conducteur de tous nos mod\u00e8les. Par exemple, regardez le sac \u00e0 cosm\u00e9tiques amovible, une boucle pour accrocher vos cl\u00e9s afin que vous puissiez les trouver rapidement et facilement, ou une sangle suppl\u00e9mentaire sur votre sac. ZWEI a pens\u00e9 \u00e0 vous.<\/p>\n<p>Visitez notre magasin maintenant, nous sommes s\u00fbrs que vous trouverez quelque chose qui correspond \u00e0 votre tenue!<\/p>\n","protected":false},"excerpt":{"rendered":"<p>ZWEI Belgique Pays-Bas Officiel\u00ae Sacs, sacs \u00e0 dos, porte-monnaie et accessoires! D\u00e9couvrez ZWEI et son univers color\u00e9 plein de sacs, sacs \u00e0 dos et portefeuilles. ZWEI s&rsquo;inspire du temps, sans simplement suivre les tendances, car&#8230;<\/p>\n","protected":false},"author":1,"featured_media":45030,"parent":0,"menu_order":45,"comment_status":"closed","ping_status":"closed","template":"front-page.php","meta":{"_acf_changed":false,"footnotes":""},"class_list":["post-5421","page","type-page","status-publish","has-post-thumbnail","hentry"],"acf":[],"aioseo_notices":[],"_links":{"self":[{"href":"https:\/\/zweibags.eu\/fr\/wp-json\/wp\/v2\/pages\/5421","targetHints":{"allow":["GET"]}}],"collection":[{"href":"https:\/\/zweibags.eu\/fr\/wp-json\/wp\/v2\/pages"}],"about":[{"href":"https:\/\/zweibags.eu\/fr\/wp-json\/wp\/v2\/types\/page"}],"author":[{"embeddable":true,"href":"https:\/\/zweibags.eu\/fr\/wp-json\/wp\/v2\/users\/1"}],"replies":[{"embeddable":true,"href":"https:\/\/zweibags.eu\/fr\/wp-json\/wp\/v2\/comments?post=5421"}],"version-history":[{"count":2,"href":"https:\/\/zweibags.eu\/fr\/wp-json\/wp\/v2\/pages\/5421\/revisions"}],"predecessor-version":[{"id":48726,"href":"https:\/\/zweibags.eu\/fr\/wp-json\/wp\/v2\/pages\/5421\/revisions\/48726"}],"wp:featuredmedia":[{"embeddable":true,"href":"https:\/\/zweibags.eu\/fr\/wp-json\/wp\/v2\/media\/45030"}],"wp:attachment":[{"href":"https:\/\/zweibags.eu\/fr\/wp-json\/wp\/v2\/media?parent=5421"}],"curies":[{"name":"wp","href":"https:\/\/api.w.org\/{rel}","templated":true}]}}